{"id":1103,"date":"2021-06-04T18:27:40","date_gmt":"2021-06-04T16:27:40","guid":{"rendered":"https:\/\/www.glisodin.sk\/?post_type=product&#038;p=1103"},"modified":"2025-11-28T12:59:05","modified_gmt":"2025-11-28T11:59:05","slug":"glisodin-skin-brightening-3-box","status":"publish","type":"product","link":"https:\/\/www.glisodin.sk\/index.php\/product\/glisodin-skin-brightening-3-box\/","title":{"rendered":"GliSODin SKIN BRIGHTENING 3 (box)"},"content":{"rendered":"<p><span style=\"font-family: Roboto, Arial, sans-serif;font-size: 14px;font-style: normal;font-weight: 400;letter-spacing: normal;text-align: start;text-indent: 0px;text-transform: none;text-decoration: none;float: none\">GliSODin SKIN BRIGHTENING poskytuje kombin\u00e1ciu akt\u00edvnych zlo\u017eiek na vyrovnanie t\u00f3nu pleti a odhalenie jej prirodzen\u00e9ho lesku a v\u00fdrazne zni\u017euje pigmentov\u00e9 \u0161kvrny. Je zalo\u017een\u00fd na v\u00fd\u0165a\u017eku z mel\u00f3na s titrovan\u00fdm obsahom SOD, bor\u00e1kovom oleji, lykop\u00e9ne z\u00edskanom z paradajok a hesperid\u00ednom z\u00edskanom z hork\u00fdch pomaran\u010dov. Doplnkov\u00fd pr\u00ednos medovky a vitam\u00ednu C z\u00edskan\u00e9ho z bob\u00fa\u013e aceroly \u00fa\u010dinne pom\u00e1ha chr\u00e1ni\u0165 ko\u017en\u00e9 bunky pred oxida\u010dn\u00fdm stresom sp\u00f4soben\u00fdm environment\u00e1lnymi faktormi. Nutrikozmetik\u00e1 s\u00fa navrhnut\u00e9 tak, aby poskytovali v\u00fdhody poko\u017eke, vlasom a nechtom. S\u00fa formulovan\u00e9 tak, aby zlep\u0161ovali ich zdravie a vzh\u013ead. Pr\u00edpravky GliSODin spolupracuj\u00fa s va\u0161imi kr\u00e9mami na zv\u00fd\u0161en\u00ed ich \u00fa\u010dinnosti. P\u00f4sobia vn\u00fatorne tam, kde d\u00f4jde k po\u0161kodeniu. Va\u0161a poko\u017eka skuto\u010dne odr\u00e1\u017ea vn\u00fatro v\u00e1\u0161ho tela. OSVED\u010cEN\u00c9 V\u00ddHODY PRE ODSTR\u00c1NENIE PIGMENTOV\u00ddCH \u0160KV\u0154N &#8211; Zn\u00ed\u017eenie pigment\u00e1cie na celej tv\u00e1ri dermatologick\u00fdm pozorovan\u00edm, &#8211; Spokojnos\u0165 pacienta s jasnos\u0165ou poko\u017eky, &#8211; Pacienti zaznamenali rovnomernej\u0161\u00ed t\u00f3n pleti a zdrav\u0161iu poko\u017eku.<\/span><\/p>\n","protected":false},"excerpt":{"rendered":"<p><strong>(3 box)<\/strong><\/p>\n<p>GliSODin SKIN BRIGHTENING poskytuje kombin\u00e1ciu akt\u00edvnych zlo\u017eiek na vyrovnanie t\u00f3nu pleti a odhalenie jej prirodzen\u00e9ho lesku a v\u00fdrazne zni\u017euje pigmentov\u00e9 \u0161kvrny. Je zalo\u017een\u00fd na v\u00fd\u0165a\u017eku z mel\u00f3na s titrovan\u00fdm obsahom SOD, bor\u00e1kovom oleji, lykop\u00e9ne z\u00edskanom z paradajok a hesperid\u00ednom z\u00edskanom z hork\u00fdch pomaran\u010dov. Doplnkov\u00fd pr\u00ednos medovky a vitam\u00ednu C z\u00edskan\u00e9ho z bob\u00fa\u013e aceroly \u00fa\u010dinne pom\u00e1ha chr\u00e1ni\u0165 ko\u017en\u00e9 bunky pred oxida\u010dn\u00fdm stresom sp\u00f4soben\u00fdm environment\u00e1lnymi faktormi.<\/p>\n<p>&nbsp;<\/p>\n","protected":false},"featured_media":1540,"comment_status":"open","ping_status":"closed","template":"","meta":[],"etheme_brands":[],"product_brand":[],"product_cat":[30],"product_tag":[37,38,36],"class_list":{"0":"post-1103","1":"product","2":"type-product","3":"status-publish","4":"has-post-thumbnail","6":"product_cat-glisodin-skin-brightening","7":"product_tag-glisodin","8":"product_tag-pigmentove-skvrny","9":"product_tag-skin-brightening","11":"first","12":"instock","13":"sale","14":"featured","15":"taxable","16":"shipping-taxable","17":"purchasable","18":"product-type-simple"},"yoast_head":"<!-- This site is optimized with the Yoast SEO plugin v27.4 - https:\/\/yoast.com\/product\/yoast-seo-wordpress\/ -->\n<title>GliSODin SKIN BRIGHTENING 3 (box) - Glisodin<\/title>\n<meta name=\"description\" content=\"GliSODin SKIN BRIGHTENING poskytuje kombin\u00e1ciu akt\u00edvnych zlo\u017eiek na vyrovnanie t\u00f3nu pleti a odhalenie jej prirodzen\u00e9ho lesku a v\u00fdrazne zni\u017euje pigmentov\u00e9 \u0161kvrny. Je zalo\u017een\u00fd na v\u00fd\u0165a\u017eku z mel\u00f3na s titrovan\u00fdm obsahom SOD, bor\u00e1kovom oleji, lykop\u00e9ne z\u00edskanom z paradajok a hesperid\u00ednom z\u00edskanom z hork\u00fdch pomaran\u010dov. Doplnkov\u00fd pr\u00ednos medovky a vitam\u00ednu C z\u00edskan\u00e9ho z bob\u00fa\u013e aceroly \u00fa\u010dinne pom\u00e1ha chr\u00e1ni\u0165 ko\u017en\u00e9 bunky pred oxida\u010dn\u00fdm stresom sp\u00f4soben\u00fdm environment\u00e1lnymi faktormi.\" \/>\n<meta name=\"robots\" content=\"index, follow, max-snippet:-1, max-image-preview:large, max-video-preview:-1\" \/>\n<link rel=\"canonical\" href=\"https:\/\/www.glisodin.sk\/index.php\/product\/glisodin-skin-brightening-3-box\/\" \/>\n<meta property=\"og:locale\" content=\"sk_SK\" \/>\n<meta property=\"og:type\" content=\"article\" \/>\n<meta property=\"og:title\" content=\"GliSODin SKIN BRIGHTENING 3 (box) - Glisodin\" \/>\n<meta property=\"og:description\" content=\"GliSODin SKIN BRIGHTENING poskytuje kombin\u00e1ciu akt\u00edvnych zlo\u017eiek na vyrovnanie t\u00f3nu pleti a odhalenie jej prirodzen\u00e9ho lesku a v\u00fdrazne zni\u017euje pigmentov\u00e9 \u0161kvrny. Je zalo\u017een\u00fd na v\u00fd\u0165a\u017eku z mel\u00f3na s titrovan\u00fdm obsahom SOD, bor\u00e1kovom oleji, lykop\u00e9ne z\u00edskanom z paradajok a hesperid\u00ednom z\u00edskanom z hork\u00fdch pomaran\u010dov. Doplnkov\u00fd pr\u00ednos medovky a vitam\u00ednu C z\u00edskan\u00e9ho z bob\u00fa\u013e aceroly \u00fa\u010dinne pom\u00e1ha chr\u00e1ni\u0165 ko\u017en\u00e9 bunky pred oxida\u010dn\u00fdm stresom sp\u00f4soben\u00fdm environment\u00e1lnymi faktormi.\" \/>\n<meta property=\"og:url\" content=\"https:\/\/www.glisodin.sk\/index.php\/product\/glisodin-skin-brightening-3-box\/\" \/>\n<meta property=\"og:site_name\" content=\"Glisodin\" \/>\n<meta property=\"article:publisher\" content=\"https:\/\/www.facebook.com\/GliSODin.CZSK\/\" \/>\n<meta property=\"article:modified_time\" content=\"2025-11-28T11:59:05+00:00\" \/>\n<meta property=\"og:image\" content=\"https:\/\/www.glisodin.sk\/wp-content\/uploads\/2022\/10\/pack-EDP.png\" \/>\n\t<meta property=\"og:image:width\" content=\"800\" \/>\n\t<meta property=\"og:image:height\" content=\"800\" \/>\n\t<meta property=\"og:image:type\" content=\"image\/png\" \/>\n<meta name=\"twitter:card\" content=\"summary_large_image\" \/>\n<meta name=\"twitter:label1\" content=\"Predpokladan\u00fd \u010das \u010d\u00edtania\" \/>\n\t<meta name=\"twitter:data1\" content=\"1 min\u00fata\" \/>\n<script type=\"application\/ld+json\" class=\"yoast-schema-graph\">{\"@context\":\"https:\\\/\\\/schema.org\",\"@graph\":[{\"@type\":\"WebPage\",\"@id\":\"https:\\\/\\\/www.glisodin.sk\\\/index.php\\\/product\\\/glisodin-skin-brightening-3-box\\\/\",\"url\":\"https:\\\/\\\/www.glisodin.sk\\\/index.php\\\/product\\\/glisodin-skin-brightening-3-box\\\/\",\"name\":\"GliSODin SKIN BRIGHTENING 3 (box) - Glisodin\",\"isPartOf\":{\"@id\":\"https:\\\/\\\/www.glisodin.sk\\\/#website\"},\"primaryImageOfPage\":{\"@id\":\"https:\\\/\\\/www.glisodin.sk\\\/index.php\\\/product\\\/glisodin-skin-brightening-3-box\\\/#primaryimage\"},\"image\":{\"@id\":\"https:\\\/\\\/www.glisodin.sk\\\/index.php\\\/product\\\/glisodin-skin-brightening-3-box\\\/#primaryimage\"},\"thumbnailUrl\":\"https:\\\/\\\/www.glisodin.sk\\\/wp-content\\\/uploads\\\/2022\\\/10\\\/pack-EDP.png\",\"datePublished\":\"2021-06-04T16:27:40+00:00\",\"dateModified\":\"2025-11-28T11:59:05+00:00\",\"description\":\"GliSODin SKIN BRIGHTENING poskytuje kombin\u00e1ciu akt\u00edvnych zlo\u017eiek na vyrovnanie t\u00f3nu pleti a odhalenie jej prirodzen\u00e9ho lesku a v\u00fdrazne zni\u017euje pigmentov\u00e9 \u0161kvrny. Je zalo\u017een\u00fd na v\u00fd\u0165a\u017eku z mel\u00f3na s titrovan\u00fdm obsahom SOD, bor\u00e1kovom oleji, lykop\u00e9ne z\u00edskanom z paradajok a hesperid\u00ednom z\u00edskanom z hork\u00fdch pomaran\u010dov. Doplnkov\u00fd pr\u00ednos medovky a vitam\u00ednu C z\u00edskan\u00e9ho z bob\u00fa\u013e aceroly \u00fa\u010dinne pom\u00e1ha chr\u00e1ni\u0165 ko\u017en\u00e9 bunky pred oxida\u010dn\u00fdm stresom sp\u00f4soben\u00fdm environment\u00e1lnymi faktormi.\",\"breadcrumb\":{\"@id\":\"https:\\\/\\\/www.glisodin.sk\\\/index.php\\\/product\\\/glisodin-skin-brightening-3-box\\\/#breadcrumb\"},\"inLanguage\":\"sk-SK\",\"potentialAction\":[{\"@type\":\"ReadAction\",\"target\":[\"https:\\\/\\\/www.glisodin.sk\\\/index.php\\\/product\\\/glisodin-skin-brightening-3-box\\\/\"]}]},{\"@type\":\"ImageObject\",\"inLanguage\":\"sk-SK\",\"@id\":\"https:\\\/\\\/www.glisodin.sk\\\/index.php\\\/product\\\/glisodin-skin-brightening-3-box\\\/#primaryimage\",\"url\":\"https:\\\/\\\/www.glisodin.sk\\\/wp-content\\\/uploads\\\/2022\\\/10\\\/pack-EDP.png\",\"contentUrl\":\"https:\\\/\\\/www.glisodin.sk\\\/wp-content\\\/uploads\\\/2022\\\/10\\\/pack-EDP.png\",\"width\":800,\"height\":800},{\"@type\":\"BreadcrumbList\",\"@id\":\"https:\\\/\\\/www.glisodin.sk\\\/index.php\\\/product\\\/glisodin-skin-brightening-3-box\\\/#breadcrumb\",\"itemListElement\":[{\"@type\":\"ListItem\",\"position\":1,\"name\":\"Domovsk\u00e1 str\u00e1nka\",\"item\":\"https:\\\/\\\/www.glisodin.sk\\\/\"},{\"@type\":\"ListItem\",\"position\":2,\"name\":\"Shop\",\"item\":\"https:\\\/\\\/www.glisodin.sk\\\/index.php\\\/shop\\\/\"},{\"@type\":\"ListItem\",\"position\":3,\"name\":\"GliSODin SKIN BRIGHTENING 3 (box)\"}]},{\"@type\":\"WebSite\",\"@id\":\"https:\\\/\\\/www.glisodin.sk\\\/#website\",\"url\":\"https:\\\/\\\/www.glisodin.sk\\\/\",\"name\":\"Glisodin\",\"description\":\"V\u00fd\u017eivov\u00e9 doplnky pre va\u0161u poko\u017eku\",\"publisher\":{\"@id\":\"https:\\\/\\\/www.glisodin.sk\\\/#organization\"},\"potentialAction\":[{\"@type\":\"SearchAction\",\"target\":{\"@type\":\"EntryPoint\",\"urlTemplate\":\"https:\\\/\\\/www.glisodin.sk\\\/?s={search_term_string}\"},\"query-input\":{\"@type\":\"PropertyValueSpecification\",\"valueRequired\":true,\"valueName\":\"search_term_string\"}}],\"inLanguage\":\"sk-SK\"},{\"@type\":\"Organization\",\"@id\":\"https:\\\/\\\/www.glisodin.sk\\\/#organization\",\"name\":\"GliSODin\",\"url\":\"https:\\\/\\\/www.glisodin.sk\\\/\",\"logo\":{\"@type\":\"ImageObject\",\"inLanguage\":\"sk-SK\",\"@id\":\"https:\\\/\\\/www.glisodin.sk\\\/#\\\/schema\\\/logo\\\/image\\\/\",\"url\":\"https:\\\/\\\/www.glisodin.sk\\\/wp-content\\\/uploads\\\/2021\\\/06\\\/cropped-icone.png\",\"contentUrl\":\"https:\\\/\\\/www.glisodin.sk\\\/wp-content\\\/uploads\\\/2021\\\/06\\\/cropped-icone.png\",\"width\":512,\"height\":512,\"caption\":\"GliSODin\"},\"image\":{\"@id\":\"https:\\\/\\\/www.glisodin.sk\\\/#\\\/schema\\\/logo\\\/image\\\/\"},\"sameAs\":[\"https:\\\/\\\/www.facebook.com\\\/GliSODin.CZSK\\\/\",\"https:\\\/\\\/www.instagram.com\\\/glisodin_czsk\\\/\"]}]}<\/script>\n<!-- \/ Yoast SEO plugin. -->","yoast_head_json":{"title":"GliSODin SKIN BRIGHTENING 3 (box) - Glisodin","description":"GliSODin SKIN BRIGHTENING poskytuje kombin\u00e1ciu akt\u00edvnych zlo\u017eiek na vyrovnanie t\u00f3nu pleti a odhalenie jej prirodzen\u00e9ho lesku a v\u00fdrazne zni\u017euje pigmentov\u00e9 \u0161kvrny. Je zalo\u017een\u00fd na v\u00fd\u0165a\u017eku z mel\u00f3na s titrovan\u00fdm obsahom SOD, bor\u00e1kovom oleji, lykop\u00e9ne z\u00edskanom z paradajok a hesperid\u00ednom z\u00edskanom z hork\u00fdch pomaran\u010dov. Doplnkov\u00fd pr\u00ednos medovky a vitam\u00ednu C z\u00edskan\u00e9ho z bob\u00fa\u013e aceroly \u00fa\u010dinne pom\u00e1ha chr\u00e1ni\u0165 ko\u017en\u00e9 bunky pred oxida\u010dn\u00fdm stresom sp\u00f4soben\u00fdm environment\u00e1lnymi faktormi.","robots":{"index":"index","follow":"follow","max-snippet":"max-snippet:-1","max-image-preview":"max-image-preview:large","max-video-preview":"max-video-preview:-1"},"canonical":"https:\/\/www.glisodin.sk\/index.php\/product\/glisodin-skin-brightening-3-box\/","og_locale":"sk_SK","og_type":"article","og_title":"GliSODin SKIN BRIGHTENING 3 (box) - Glisodin","og_description":"GliSODin SKIN BRIGHTENING poskytuje kombin\u00e1ciu akt\u00edvnych zlo\u017eiek na vyrovnanie t\u00f3nu pleti a odhalenie jej prirodzen\u00e9ho lesku a v\u00fdrazne zni\u017euje pigmentov\u00e9 \u0161kvrny. Je zalo\u017een\u00fd na v\u00fd\u0165a\u017eku z mel\u00f3na s titrovan\u00fdm obsahom SOD, bor\u00e1kovom oleji, lykop\u00e9ne z\u00edskanom z paradajok a hesperid\u00ednom z\u00edskanom z hork\u00fdch pomaran\u010dov. Doplnkov\u00fd pr\u00ednos medovky a vitam\u00ednu C z\u00edskan\u00e9ho z bob\u00fa\u013e aceroly \u00fa\u010dinne pom\u00e1ha chr\u00e1ni\u0165 ko\u017en\u00e9 bunky pred oxida\u010dn\u00fdm stresom sp\u00f4soben\u00fdm environment\u00e1lnymi faktormi.","og_url":"https:\/\/www.glisodin.sk\/index.php\/product\/glisodin-skin-brightening-3-box\/","og_site_name":"Glisodin","article_publisher":"https:\/\/www.facebook.com\/GliSODin.CZSK\/","article_modified_time":"2025-11-28T11:59:05+00:00","og_image":[{"width":800,"height":800,"url":"https:\/\/www.glisodin.sk\/wp-content\/uploads\/2022\/10\/pack-EDP.png","type":"image\/png"}],"twitter_card":"summary_large_image","twitter_misc":{"Predpokladan\u00fd \u010das \u010d\u00edtania":"1 min\u00fata"},"schema":{"@context":"https:\/\/schema.org","@graph":[{"@type":"WebPage","@id":"https:\/\/www.glisodin.sk\/index.php\/product\/glisodin-skin-brightening-3-box\/","url":"https:\/\/www.glisodin.sk\/index.php\/product\/glisodin-skin-brightening-3-box\/","name":"GliSODin SKIN BRIGHTENING 3 (box) - Glisodin","isPartOf":{"@id":"https:\/\/www.glisodin.sk\/#website"},"primaryImageOfPage":{"@id":"https:\/\/www.glisodin.sk\/index.php\/product\/glisodin-skin-brightening-3-box\/#primaryimage"},"image":{"@id":"https:\/\/www.glisodin.sk\/index.php\/product\/glisodin-skin-brightening-3-box\/#primaryimage"},"thumbnailUrl":"https:\/\/www.glisodin.sk\/wp-content\/uploads\/2022\/10\/pack-EDP.png","datePublished":"2021-06-04T16:27:40+00:00","dateModified":"2025-11-28T11:59:05+00:00","description":"GliSODin SKIN BRIGHTENING poskytuje kombin\u00e1ciu akt\u00edvnych zlo\u017eiek na vyrovnanie t\u00f3nu pleti a odhalenie jej prirodzen\u00e9ho lesku a v\u00fdrazne zni\u017euje pigmentov\u00e9 \u0161kvrny. Je zalo\u017een\u00fd na v\u00fd\u0165a\u017eku z mel\u00f3na s titrovan\u00fdm obsahom SOD, bor\u00e1kovom oleji, lykop\u00e9ne z\u00edskanom z paradajok a hesperid\u00ednom z\u00edskanom z hork\u00fdch pomaran\u010dov. Doplnkov\u00fd pr\u00ednos medovky a vitam\u00ednu C z\u00edskan\u00e9ho z bob\u00fa\u013e aceroly \u00fa\u010dinne pom\u00e1ha chr\u00e1ni\u0165 ko\u017en\u00e9 bunky pred oxida\u010dn\u00fdm stresom sp\u00f4soben\u00fdm environment\u00e1lnymi faktormi.","breadcrumb":{"@id":"https:\/\/www.glisodin.sk\/index.php\/product\/glisodin-skin-brightening-3-box\/#breadcrumb"},"inLanguage":"sk-SK","potentialAction":[{"@type":"ReadAction","target":["https:\/\/www.glisodin.sk\/index.php\/product\/glisodin-skin-brightening-3-box\/"]}]},{"@type":"ImageObject","inLanguage":"sk-SK","@id":"https:\/\/www.glisodin.sk\/index.php\/product\/glisodin-skin-brightening-3-box\/#primaryimage","url":"https:\/\/www.glisodin.sk\/wp-content\/uploads\/2022\/10\/pack-EDP.png","contentUrl":"https:\/\/www.glisodin.sk\/wp-content\/uploads\/2022\/10\/pack-EDP.png","width":800,"height":800},{"@type":"BreadcrumbList","@id":"https:\/\/www.glisodin.sk\/index.php\/product\/glisodin-skin-brightening-3-box\/#breadcrumb","itemListElement":[{"@type":"ListItem","position":1,"name":"Domovsk\u00e1 str\u00e1nka","item":"https:\/\/www.glisodin.sk\/"},{"@type":"ListItem","position":2,"name":"Shop","item":"https:\/\/www.glisodin.sk\/index.php\/shop\/"},{"@type":"ListItem","position":3,"name":"GliSODin SKIN BRIGHTENING 3 (box)"}]},{"@type":"WebSite","@id":"https:\/\/www.glisodin.sk\/#website","url":"https:\/\/www.glisodin.sk\/","name":"Glisodin","description":"V\u00fd\u017eivov\u00e9 doplnky pre va\u0161u poko\u017eku","publisher":{"@id":"https:\/\/www.glisodin.sk\/#organization"},"potentialAction":[{"@type":"SearchAction","target":{"@type":"EntryPoint","urlTemplate":"https:\/\/www.glisodin.sk\/?s={search_term_string}"},"query-input":{"@type":"PropertyValueSpecification","valueRequired":true,"valueName":"search_term_string"}}],"inLanguage":"sk-SK"},{"@type":"Organization","@id":"https:\/\/www.glisodin.sk\/#organization","name":"GliSODin","url":"https:\/\/www.glisodin.sk\/","logo":{"@type":"ImageObject","inLanguage":"sk-SK","@id":"https:\/\/www.glisodin.sk\/#\/schema\/logo\/image\/","url":"https:\/\/www.glisodin.sk\/wp-content\/uploads\/2021\/06\/cropped-icone.png","contentUrl":"https:\/\/www.glisodin.sk\/wp-content\/uploads\/2021\/06\/cropped-icone.png","width":512,"height":512,"caption":"GliSODin"},"image":{"@id":"https:\/\/www.glisodin.sk\/#\/schema\/logo\/image\/"},"sameAs":["https:\/\/www.facebook.com\/GliSODin.CZSK\/","https:\/\/www.instagram.com\/glisodin_czsk\/"]}]}},"_links":{"self":[{"href":"https:\/\/www.glisodin.sk\/index.php\/wp-json\/wp\/v2\/product\/1103","targetHints":{"allow":["GET"]}}],"collection":[{"href":"https:\/\/www.glisodin.sk\/index.php\/wp-json\/wp\/v2\/product"}],"about":[{"href":"https:\/\/www.glisodin.sk\/index.php\/wp-json\/wp\/v2\/types\/product"}],"replies":[{"embeddable":true,"href":"https:\/\/www.glisodin.sk\/index.php\/wp-json\/wp\/v2\/comments?post=1103"}],"wp:featuredmedia":[{"embeddable":true,"href":"https:\/\/www.glisodin.sk\/index.php\/wp-json\/wp\/v2\/media\/1540"}],"wp:attachment":[{"href":"https:\/\/www.glisodin.sk\/index.php\/wp-json\/wp\/v2\/media?parent=1103"}],"wp:term":[{"taxonomy":"brand","embeddable":true,"href":"https:\/\/www.glisodin.sk\/index.php\/wp-json\/wp\/v2\/etheme_brands?post=1103"},{"taxonomy":"product_brand","embeddable":true,"href":"https:\/\/www.glisodin.sk\/index.php\/wp-json\/wp\/v2\/product_brand?post=1103"},{"taxonomy":"product_cat","embeddable":true,"href":"https:\/\/www.glisodin.sk\/index.php\/wp-json\/wp\/v2\/product_cat?post=1103"},{"taxonomy":"product_tag","embeddable":true,"href":"https:\/\/www.glisodin.sk\/index.php\/wp-json\/wp\/v2\/product_tag?post=1103"}],"curies":[{"name":"wp","href":"https:\/\/api.w.org\/{rel}","templated":true}]}}