{"id":890,"date":"2021-06-02T21:04:32","date_gmt":"2021-06-02T19:04:32","guid":{"rendered":"https:\/\/www.glisodin.sk\/?post_type=product&#038;p=890"},"modified":"2025-11-28T12:59:27","modified_gmt":"2025-11-28T11:59:27","slug":"glisodin-to-strengthen-the-body","status":"publish","type":"product","link":"https:\/\/www.glisodin.sk\/index.php\/product\/glisodin-to-strengthen-the-body\/","title":{"rendered":"GliSODin TO STRENGTHEN THE BODY"},"content":{"rendered":"<p style=\"padding: 0px;margin: 0px 0px 1.43rem;line-height: inherit;font-size: 14px;font-family: Helvetica, sans-serif;font-style: normal;font-weight: 400;letter-spacing: normal;text-align: center;text-indent: 0px;text-transform: none;text-decoration: none\">GliSODin TO STRENGTHEN THE BODY s vysokou koncentr\u00e1ciou SOD\/gliad\u00ednu, zinku, sel\u00e9nu a vitam\u00ednu B12 podporuje imunitn\u00fd syst\u00e9m, regener\u00e1ciu a bojuje proti oxida\u010dn\u00e9mu stresu.<\/p>\n<p style=\"padding: 0px;margin: 0px 0px 1.43rem;line-height: inherit;font-size: 14px;font-family: Helvetica, sans-serif;font-style: normal;font-weight: 400;letter-spacing: normal;text-align: center;text-indent: 0px;text-transform: none;text-decoration: none\">T\u00e1to kombin\u00e1cia mikro\u017eiv\u00edn a k\u013e\u00fa\u010dov\u00fdch zlo\u017eiek podporuje zdrav\u00fd imunitn\u00fd syst\u00e9m a zvy\u0161uje vitalitu.<\/p>\n<p style=\"padding: 0px;margin: 0px 0px 1.43rem;line-height: inherit;font-size: 14px;font-family: Helvetica, sans-serif;font-style: normal;font-weight: 400;letter-spacing: normal;text-align: center;text-indent: 0px;text-transform: none;text-decoration: none\">V\u00fd\u017eivov\u00fd doplnok podporuje imunitu a regener\u00e1ciu, pri\u010dom poko\u017eku, myse\u013e, imunitn\u00fd syst\u00e9m a telo pova\u017euje za komplexn\u00fd celok. GliSODin TO STRENGTHEN THE BODY je ide\u00e1lny antioxida\u010dn\u00fd doplnok stravy pre citliv\u00fa a problematick\u00fa poko\u017eku. Jeho ochrana zvn\u00fatra dod\u00e1va poko\u017eke zdrav\u0161\u00ed vzh\u013ead.<\/p>\n","protected":false},"excerpt":{"rendered":"<div>\n<p><strong>(1 box)<\/strong><\/p>\n<\/div>\n<div>GliSODin \u00a0je v\u00fdber antioxida\u010dn\u00fdch v\u00fd\u017eivov\u00fdch doplnkov, ktor\u00e9 poskytuj\u00fa prevent\u00edvne \u00fasilie proti oxida\u010dn\u00e9mu stresu zn\u00ed\u017een\u00edm jeho vplyvu na zdravie a kr\u00e1su poko\u017eky. GliSODin TO STRENGTHEN THE BODY je doplnok v\u00fd\u017eivy formulovan\u00fd z inovat\u00edvneho komplexu na b\u00e1ze pr\u00edrodnej superoxid dismut\u00e1zy (SOD), ktor\u00fd sa nach\u00e1dza v mel\u00f3novom extrakte kombinovanom s p\u0161eni\u010dn\u00fdm prote\u00ednom.<\/div>\n","protected":false},"featured_media":1545,"comment_status":"open","ping_status":"closed","template":"","meta":[],"etheme_brands":[],"product_brand":[],"product_cat":[28],"product_tag":[37,41],"class_list":{"0":"post-890","1":"product","2":"type-product","3":"status-publish","4":"has-post-thumbnail","6":"product_cat-glisodin-to-strengthen-the-body","7":"product_tag-glisodin","8":"product_tag-to-strengthen-the-body","10":"first","11":"instock","12":"taxable","13":"shipping-taxable","14":"purchasable","15":"product-type-simple"},"yoast_head":"<!-- This site is optimized with the Yoast SEO plugin v27.4 - https:\/\/yoast.com\/product\/yoast-seo-wordpress\/ -->\n<title>GliSODin TO STRENGTHEN THE BODY - Glisodin<\/title>\n<meta name=\"description\" content=\"Doplnky stravy GliSODin s\u00fa vytvoren\u00e9 na podporu organizmu a boj proti ka\u017edodenn\u00fdm vplyvom, ktor\u00e9 menia zdravie a kr\u00e1su poko\u017eky.\" \/>\n<meta name=\"robots\" content=\"index, follow, max-snippet:-1, max-image-preview:large, max-video-preview:-1\" \/>\n<link rel=\"canonical\" href=\"https:\/\/www.glisodin.sk\/index.php\/product\/glisodin-to-strengthen-the-body\/\" \/>\n<meta property=\"og:locale\" content=\"sk_SK\" \/>\n<meta property=\"og:type\" content=\"article\" \/>\n<meta property=\"og:title\" content=\"GliSODin TO STRENGTHEN THE BODY\" \/>\n<meta property=\"og:description\" content=\"GliSODin \u00a0je v\u00fdber antioxida\u010dn\u00fdch v\u00fd\u017eivov\u00fdch doplnkov, ktor\u00e9 poskytuj\u00fa prevent\u00edvne \u00fasilie proti oxida\u010dn\u00e9mu stresu zn\u00ed\u017een\u00edm jeho vplyvu na zdravie a kr\u00e1su poko\u017eky. GliSODin TO STRENGTHEN THE BODY je doplnok v\u00fd\u017eivy formulovan\u00fd z inovat\u00edvneho komplexu na b\u00e1ze pr\u00edrodnej superoxid dismut\u00e1zy (SOD), ktor\u00fd sa nach\u00e1dza v mel\u00f3novom extrakte kombinovanom s p\u0161eni\u010dn\u00fdm prote\u00ednom.\u00a0\" \/>\n<meta property=\"og:url\" content=\"https:\/\/www.glisodin.sk\/index.php\/product\/glisodin-to-strengthen-the-body\/\" \/>\n<meta property=\"og:site_name\" content=\"Glisodin\" \/>\n<meta property=\"article:publisher\" content=\"https:\/\/www.facebook.com\/GliSODin.CZSK\/\" \/>\n<meta property=\"article:modified_time\" content=\"2025-11-28T11:59:27+00:00\" \/>\n<meta property=\"og:image\" content=\"https:\/\/www.glisodin.sk\/wp-content\/uploads\/2022\/10\/pack-EG.png\" \/>\n\t<meta property=\"og:image:width\" content=\"800\" \/>\n\t<meta property=\"og:image:height\" content=\"800\" \/>\n\t<meta property=\"og:image:type\" content=\"image\/png\" \/>\n<meta name=\"twitter:card\" content=\"summary_large_image\" \/>\n<meta name=\"twitter:label1\" content=\"Predpokladan\u00fd \u010das \u010d\u00edtania\" \/>\n\t<meta name=\"twitter:data1\" content=\"1 min\u00fata\" \/>\n<script type=\"application\/ld+json\" class=\"yoast-schema-graph\">{\"@context\":\"https:\\\/\\\/schema.org\",\"@graph\":[{\"@type\":\"WebPage\",\"@id\":\"https:\\\/\\\/www.glisodin.sk\\\/index.php\\\/product\\\/glisodin-to-strengthen-the-body\\\/\",\"url\":\"https:\\\/\\\/www.glisodin.sk\\\/index.php\\\/product\\\/glisodin-to-strengthen-the-body\\\/\",\"name\":\"GliSODin TO STRENGTHEN THE BODY - Glisodin\",\"isPartOf\":{\"@id\":\"https:\\\/\\\/www.glisodin.sk\\\/#website\"},\"primaryImageOfPage\":{\"@id\":\"https:\\\/\\\/www.glisodin.sk\\\/index.php\\\/product\\\/glisodin-to-strengthen-the-body\\\/#primaryimage\"},\"image\":{\"@id\":\"https:\\\/\\\/www.glisodin.sk\\\/index.php\\\/product\\\/glisodin-to-strengthen-the-body\\\/#primaryimage\"},\"thumbnailUrl\":\"https:\\\/\\\/www.glisodin.sk\\\/wp-content\\\/uploads\\\/2022\\\/10\\\/Package01.png\",\"datePublished\":\"2021-06-02T19:04:32+00:00\",\"dateModified\":\"2025-11-28T11:59:27+00:00\",\"description\":\"Doplnky stravy GliSODin s\u00fa vytvoren\u00e9 na podporu organizmu a boj proti ka\u017edodenn\u00fdm vplyvom, ktor\u00e9 menia zdravie a kr\u00e1su poko\u017eky.\",\"breadcrumb\":{\"@id\":\"https:\\\/\\\/www.glisodin.sk\\\/index.php\\\/product\\\/glisodin-to-strengthen-the-body\\\/#breadcrumb\"},\"inLanguage\":\"sk-SK\",\"potentialAction\":[{\"@type\":\"ReadAction\",\"target\":[\"https:\\\/\\\/www.glisodin.sk\\\/index.php\\\/product\\\/glisodin-to-strengthen-the-body\\\/\"]}]},{\"@type\":\"ImageObject\",\"inLanguage\":\"sk-SK\",\"@id\":\"https:\\\/\\\/www.glisodin.sk\\\/index.php\\\/product\\\/glisodin-to-strengthen-the-body\\\/#primaryimage\",\"url\":\"https:\\\/\\\/www.glisodin.sk\\\/wp-content\\\/uploads\\\/2022\\\/10\\\/Package01.png\",\"contentUrl\":\"https:\\\/\\\/www.glisodin.sk\\\/wp-content\\\/uploads\\\/2022\\\/10\\\/Package01.png\",\"width\":1080,\"height\":1080},{\"@type\":\"BreadcrumbList\",\"@id\":\"https:\\\/\\\/www.glisodin.sk\\\/index.php\\\/product\\\/glisodin-to-strengthen-the-body\\\/#breadcrumb\",\"itemListElement\":[{\"@type\":\"ListItem\",\"position\":1,\"name\":\"Domovsk\u00e1 str\u00e1nka\",\"item\":\"https:\\\/\\\/www.glisodin.sk\\\/\"},{\"@type\":\"ListItem\",\"position\":2,\"name\":\"Shop\",\"item\":\"https:\\\/\\\/www.glisodin.sk\\\/index.php\\\/shop\\\/\"},{\"@type\":\"ListItem\",\"position\":3,\"name\":\"GliSODin TO STRENGTHEN THE BODY\"}]},{\"@type\":\"WebSite\",\"@id\":\"https:\\\/\\\/www.glisodin.sk\\\/#website\",\"url\":\"https:\\\/\\\/www.glisodin.sk\\\/\",\"name\":\"Glisodin\",\"description\":\"V\u00fd\u017eivov\u00e9 doplnky pre va\u0161u poko\u017eku\",\"publisher\":{\"@id\":\"https:\\\/\\\/www.glisodin.sk\\\/#organization\"},\"potentialAction\":[{\"@type\":\"SearchAction\",\"target\":{\"@type\":\"EntryPoint\",\"urlTemplate\":\"https:\\\/\\\/www.glisodin.sk\\\/?s={search_term_string}\"},\"query-input\":{\"@type\":\"PropertyValueSpecification\",\"valueRequired\":true,\"valueName\":\"search_term_string\"}}],\"inLanguage\":\"sk-SK\"},{\"@type\":\"Organization\",\"@id\":\"https:\\\/\\\/www.glisodin.sk\\\/#organization\",\"name\":\"GliSODin\",\"url\":\"https:\\\/\\\/www.glisodin.sk\\\/\",\"logo\":{\"@type\":\"ImageObject\",\"inLanguage\":\"sk-SK\",\"@id\":\"https:\\\/\\\/www.glisodin.sk\\\/#\\\/schema\\\/logo\\\/image\\\/\",\"url\":\"https:\\\/\\\/www.glisodin.sk\\\/wp-content\\\/uploads\\\/2021\\\/06\\\/cropped-icone.png\",\"contentUrl\":\"https:\\\/\\\/www.glisodin.sk\\\/wp-content\\\/uploads\\\/2021\\\/06\\\/cropped-icone.png\",\"width\":512,\"height\":512,\"caption\":\"GliSODin\"},\"image\":{\"@id\":\"https:\\\/\\\/www.glisodin.sk\\\/#\\\/schema\\\/logo\\\/image\\\/\"},\"sameAs\":[\"https:\\\/\\\/www.facebook.com\\\/GliSODin.CZSK\\\/\",\"https:\\\/\\\/www.instagram.com\\\/glisodin_czsk\\\/\"]}]}<\/script>\n<!-- \/ Yoast SEO plugin. -->","yoast_head_json":{"title":"GliSODin TO STRENGTHEN THE BODY - Glisodin","description":"Doplnky stravy GliSODin s\u00fa vytvoren\u00e9 na podporu organizmu a boj proti ka\u017edodenn\u00fdm vplyvom, ktor\u00e9 menia zdravie a kr\u00e1su poko\u017eky.","robots":{"index":"index","follow":"follow","max-snippet":"max-snippet:-1","max-image-preview":"max-image-preview:large","max-video-preview":"max-video-preview:-1"},"canonical":"https:\/\/www.glisodin.sk\/index.php\/product\/glisodin-to-strengthen-the-body\/","og_locale":"sk_SK","og_type":"article","og_title":"GliSODin TO STRENGTHEN THE BODY","og_description":"GliSODin \u00a0je v\u00fdber antioxida\u010dn\u00fdch v\u00fd\u017eivov\u00fdch doplnkov, ktor\u00e9 poskytuj\u00fa prevent\u00edvne \u00fasilie proti oxida\u010dn\u00e9mu stresu zn\u00ed\u017een\u00edm jeho vplyvu na zdravie a kr\u00e1su poko\u017eky. GliSODin TO STRENGTHEN THE BODY je doplnok v\u00fd\u017eivy formulovan\u00fd z inovat\u00edvneho komplexu na b\u00e1ze pr\u00edrodnej superoxid dismut\u00e1zy (SOD), ktor\u00fd sa nach\u00e1dza v mel\u00f3novom extrakte kombinovanom s p\u0161eni\u010dn\u00fdm prote\u00ednom.\u00a0","og_url":"https:\/\/www.glisodin.sk\/index.php\/product\/glisodin-to-strengthen-the-body\/","og_site_name":"Glisodin","article_publisher":"https:\/\/www.facebook.com\/GliSODin.CZSK\/","article_modified_time":"2025-11-28T11:59:27+00:00","og_image":[{"width":800,"height":800,"url":"https:\/\/www.glisodin.sk\/wp-content\/uploads\/2022\/10\/pack-EG.png","type":"image\/png"}],"twitter_card":"summary_large_image","twitter_misc":{"Predpokladan\u00fd \u010das \u010d\u00edtania":"1 min\u00fata"},"schema":{"@context":"https:\/\/schema.org","@graph":[{"@type":"WebPage","@id":"https:\/\/www.glisodin.sk\/index.php\/product\/glisodin-to-strengthen-the-body\/","url":"https:\/\/www.glisodin.sk\/index.php\/product\/glisodin-to-strengthen-the-body\/","name":"GliSODin TO STRENGTHEN THE BODY - Glisodin","isPartOf":{"@id":"https:\/\/www.glisodin.sk\/#website"},"primaryImageOfPage":{"@id":"https:\/\/www.glisodin.sk\/index.php\/product\/glisodin-to-strengthen-the-body\/#primaryimage"},"image":{"@id":"https:\/\/www.glisodin.sk\/index.php\/product\/glisodin-to-strengthen-the-body\/#primaryimage"},"thumbnailUrl":"https:\/\/www.glisodin.sk\/wp-content\/uploads\/2022\/10\/Package01.png","datePublished":"2021-06-02T19:04:32+00:00","dateModified":"2025-11-28T11:59:27+00:00","description":"Doplnky stravy GliSODin s\u00fa vytvoren\u00e9 na podporu organizmu a boj proti ka\u017edodenn\u00fdm vplyvom, ktor\u00e9 menia zdravie a kr\u00e1su poko\u017eky.","breadcrumb":{"@id":"https:\/\/www.glisodin.sk\/index.php\/product\/glisodin-to-strengthen-the-body\/#breadcrumb"},"inLanguage":"sk-SK","potentialAction":[{"@type":"ReadAction","target":["https:\/\/www.glisodin.sk\/index.php\/product\/glisodin-to-strengthen-the-body\/"]}]},{"@type":"ImageObject","inLanguage":"sk-SK","@id":"https:\/\/www.glisodin.sk\/index.php\/product\/glisodin-to-strengthen-the-body\/#primaryimage","url":"https:\/\/www.glisodin.sk\/wp-content\/uploads\/2022\/10\/Package01.png","contentUrl":"https:\/\/www.glisodin.sk\/wp-content\/uploads\/2022\/10\/Package01.png","width":1080,"height":1080},{"@type":"BreadcrumbList","@id":"https:\/\/www.glisodin.sk\/index.php\/product\/glisodin-to-strengthen-the-body\/#breadcrumb","itemListElement":[{"@type":"ListItem","position":1,"name":"Domovsk\u00e1 str\u00e1nka","item":"https:\/\/www.glisodin.sk\/"},{"@type":"ListItem","position":2,"name":"Shop","item":"https:\/\/www.glisodin.sk\/index.php\/shop\/"},{"@type":"ListItem","position":3,"name":"GliSODin TO STRENGTHEN THE BODY"}]},{"@type":"WebSite","@id":"https:\/\/www.glisodin.sk\/#website","url":"https:\/\/www.glisodin.sk\/","name":"Glisodin","description":"V\u00fd\u017eivov\u00e9 doplnky pre va\u0161u poko\u017eku","publisher":{"@id":"https:\/\/www.glisodin.sk\/#organization"},"potentialAction":[{"@type":"SearchAction","target":{"@type":"EntryPoint","urlTemplate":"https:\/\/www.glisodin.sk\/?s={search_term_string}"},"query-input":{"@type":"PropertyValueSpecification","valueRequired":true,"valueName":"search_term_string"}}],"inLanguage":"sk-SK"},{"@type":"Organization","@id":"https:\/\/www.glisodin.sk\/#organization","name":"GliSODin","url":"https:\/\/www.glisodin.sk\/","logo":{"@type":"ImageObject","inLanguage":"sk-SK","@id":"https:\/\/www.glisodin.sk\/#\/schema\/logo\/image\/","url":"https:\/\/www.glisodin.sk\/wp-content\/uploads\/2021\/06\/cropped-icone.png","contentUrl":"https:\/\/www.glisodin.sk\/wp-content\/uploads\/2021\/06\/cropped-icone.png","width":512,"height":512,"caption":"GliSODin"},"image":{"@id":"https:\/\/www.glisodin.sk\/#\/schema\/logo\/image\/"},"sameAs":["https:\/\/www.facebook.com\/GliSODin.CZSK\/","https:\/\/www.instagram.com\/glisodin_czsk\/"]}]}},"_links":{"self":[{"href":"https:\/\/www.glisodin.sk\/index.php\/wp-json\/wp\/v2\/product\/890","targetHints":{"allow":["GET"]}}],"collection":[{"href":"https:\/\/www.glisodin.sk\/index.php\/wp-json\/wp\/v2\/product"}],"about":[{"href":"https:\/\/www.glisodin.sk\/index.php\/wp-json\/wp\/v2\/types\/product"}],"replies":[{"embeddable":true,"href":"https:\/\/www.glisodin.sk\/index.php\/wp-json\/wp\/v2\/comments?post=890"}],"wp:featuredmedia":[{"embeddable":true,"href":"https:\/\/www.glisodin.sk\/index.php\/wp-json\/wp\/v2\/media\/1545"}],"wp:attachment":[{"href":"https:\/\/www.glisodin.sk\/index.php\/wp-json\/wp\/v2\/media?parent=890"}],"wp:term":[{"taxonomy":"brand","embeddable":true,"href":"https:\/\/www.glisodin.sk\/index.php\/wp-json\/wp\/v2\/etheme_brands?post=890"},{"taxonomy":"product_brand","embeddable":true,"href":"https:\/\/www.glisodin.sk\/index.php\/wp-json\/wp\/v2\/product_brand?post=890"},{"taxonomy":"product_cat","embeddable":true,"href":"https:\/\/www.glisodin.sk\/index.php\/wp-json\/wp\/v2\/product_cat?post=890"},{"taxonomy":"product_tag","embeddable":true,"href":"https:\/\/www.glisodin.sk\/index.php\/wp-json\/wp\/v2\/product_tag?post=890"}],"curies":[{"name":"wp","href":"https:\/\/api.w.org\/{rel}","templated":true}]}}